{"id":833,"date":"2021-08-18T06:40:47","date_gmt":"2021-08-18T06:40:47","guid":{"rendered":"https:\/\/mysummitacademy.com\/index.php\/home\/"},"modified":"2023-11-14T21:01:23","modified_gmt":"2023-11-14T21:01:23","slug":"home","status":"publish","type":"page","link":"https:\/\/mysummitacademy.com\/","title":{"rendered":"Inicio"},"content":{"rendered":"\n<div class=\"wp-block-uagb-container uagb-block-99c216d1 alignfull uagb-is-root-container\"><div class=\"uagb-container-inner-blocks-wrap\">\n<div class=\"wp-block-columns is-layout-flex wp-container-2\">\n<div class=\"wp-block-column is-layout-flow\" style=\"flex-basis:100%\">\n<div class=\"wp-block-uagb-info-box uagb-block-a4fbe71b uagb-infobox__content-wrap  uagb-infobox-icon-above-title uagb-infobox-image-valign-top\"><div class=\"uagb-ifb-content\"><div class=\"uagb-ifb-title-wrap\"><h3 class=\"uagb-ifb-title\">La educaci\u00f3n cambi\u00f3, \u00bfT\u00fa qu\u00e9 esperas para hacerlo?<\/h3><\/div><p class=\"uagb-ifb-desc\">Ag\u00e9nda una conferencia gr\u00e1tis para conocer como.<\/p><div class=\"uagb-ifb-button-wrapper wp-block-button\"><a href=\"https:\/\/wa.me\/573225970543\" class=\"uagb-infobox-cta-link wp-block-button__link\" target=\"_self\" rel=\"noopener noreferrer\" alt=\"\"><span class=\"uagb-inline-editing\">CONTACTANOS<\/span><\/a><\/div><\/div><\/div>\n<\/div>\n<\/div>\n<\/div><\/div>\n\n\n\n<div class=\"wp-block-uagb-container uagb-block-d44521d5 alignfull uagb-is-root-container\"><div class=\"uagb-container-inner-blocks-wrap\">\n<div class=\"wp-block-uagb-container uagb-block-36a718e5\">\n<div class=\"wp-block-uagb-info-box uagb-block-5b7c5bb0 uagb-infobox__content-wrap  uagb-infobox-icon-above-title uagb-infobox-image-valign-top\"><div class=\"uagb-ifb-content\"><div class=\"uagb-ifb-title-wrap\"><div class=\"uagb-ifb-separator\"><\/div><h2 class=\"uagb-ifb-title\">\u00bfQu\u00e9 es Summit Academy?<\/h2><\/div><\/div><\/div>\n\n\n\n<div class=\"wp-block-uagb-advanced-heading uagb-block-7c8aad79\"><h6 class=\"uagb-heading-text\">Somos una organizaci\u00f3n especializada en asesor\u00eda y consultor\u00eda corporativa capacitamos empresas e instituciones en temas de formaci\u00f3n y desarrollo de las competencias del talento humano.<\/h6><p class=\"uagb-desc-text\">Basados en la mega tendencia educativa a nivel mundial y con la gran necesidad de fortalecer habilidades cognitivas, mentales y del pensamiento en la humanidad, hemos desarrollado e implementado en Colombia y Ecuador un exitoso proyecto para fortalecer las competencias laborales de los ciudadanos el cual consiste en una primera capacitaci\u00f3n presencial en las empresas e instituciones del sector p\u00fablico y privado, donde se comparten m\u00e9todos, t\u00e9cnicas y ejercicios de gimnasia cerebral a los asistentes los cuales llevados a la pr\u00e1ctica se convertir\u00e1n en aliados estrat\u00e9gicos para aumentar la l\u00f3gica, anal\u00edtica y concentraci\u00f3n, lo que aumentar\u00e1 la productividad y el rendimiento intelectual de los empleados y las organizaciones.<\/p><\/div>\n<\/div>\n\n\n\n<div class=\"wp-block-uagb-container uagb-block-a7b42579\">\n<div class=\"wp-block-uagb-image uagb-block-64f8fe1e wp-block-uagb-image--layout-default wp-block-uagb-image--effect-static wp-block-uagb-image--align-right\"><figure class=\"wp-block-uagb-image__figure\"><img decoding=\"async\" loading=\"lazy\" srcset=\"https:\/\/mysummitacademy.com\/wp-content\/uploads\/2021\/04\/law-about.jpg , https:\/\/mysummitacademy.com\/wp-content\/uploads\/2021\/04\/law-about.jpg 360w\" src=\"https:\/\/mysummitacademy.com\/wp-content\/uploads\/2021\/04\/law-about.jpg\" alt=\"\" class=\"uag-image-814\" width=\"340\" height=\"\" title=\"\"\/><\/figure><\/div>\n<\/div>\n<\/div><\/div>\n\n\n\n<div class=\"wp-block-uagb-container uagb-block-266d23da alignfull uagb-is-root-container\"><div class=\"uagb-container-inner-blocks-wrap\">\n<div class=\"wp-block-uagb-container uagb-block-1198a9ef\">\n<div class=\"wp-block-uagb-info-box uagb-block-617a2010 uagb-infobox__content-wrap  uagb-infobox-icon-above-title uagb-infobox-image-valign-top\"><div class=\"uagb-ifb-content\"><div class=\"uagb-ifb-image-content\"><img decoding=\"async\" src=\"https:\/\/mysummitacademy.com\/wp-content\/uploads\/2022\/09\/happy-150x150.png\" alt=\"\"\/><\/div><div class=\"uagb-ifb-title-wrap\"><h4 class=\"uagb-ifb-title\">6000+<\/h4><\/div><p class=\"uagb-ifb-desc\">Clientes felices<\/p><\/div><\/div>\n<\/div>\n\n\n\n<div class=\"wp-block-uagb-container uagb-block-0a833844\">\n<div class=\"wp-block-uagb-info-box uagb-block-8903c0fc uagb-infobox__content-wrap  uagb-infobox-icon-above-title uagb-infobox-image-valign-top\"><div class=\"uagb-ifb-content\"><div class=\"uagb-ifb-image-content\"><img decoding=\"async\" src=\"https:\/\/mysummitacademy.com\/wp-content\/uploads\/2022\/09\/teaching-150x150.png\" alt=\"\"\/><\/div><div class=\"uagb-ifb-title-wrap\"><h4 class=\"uagb-ifb-title\">900+<\/h4><\/div><p class=\"uagb-ifb-desc\">Capacitaciones mensuales<\/p><\/div><\/div>\n<\/div>\n\n\n\n<div class=\"wp-block-uagb-container uagb-block-53003637\">\n<div class=\"wp-block-uagb-info-box uagb-block-dd80a582 uagb-infobox__content-wrap  uagb-infobox-icon-above-title uagb-infobox-image-valign-top\"><div class=\"uagb-ifb-content\"><div class=\"uagb-ifb-image-content\"><img decoding=\"async\" src=\"https:\/\/mysummitacademy.com\/wp-content\/uploads\/2022\/09\/artificial-intelligence-150x150.png\" alt=\"\"\/><\/div><div class=\"uagb-ifb-title-wrap\"><h4 class=\"uagb-ifb-title\">Metodologia<\/h4><\/div><p class=\"uagb-ifb-desc\">Practica + Academica<\/p><\/div><\/div>\n<\/div>\n<\/div><\/div>\n\n\n\n<div class=\"wp-block-lcb-logo-carousel\"><div dir=\"ltr\" class=\"alcb__carousel_container swiper\" data-desktop=\"3\" data-tablet=\"2\" data-mobile=\"1\" data-autoplay=\"true\" data-autoplaydelay=\"2000\" data-autoplaydirection=\"false\" data-speed=\"400\" data-loop=\"true\" data-pauseonhover=\"true\" data-keyboard=\"false\" data-mousewheel=\"false\" data-autoheight=\"false\" data-deskspace=\"1\" data-tabspace=\"20\" data-phonespace=\"10\" data-id=\"alcb__34ecf7f3\" data-pagination=\"false\" data-navigation=\"false\" id=\"alcb__34ecf7f3\"><div class=\"swiper-wrapper\"><div class=\"swiper-slide alcb__logo-item\" style=\"border: 0 solid #333333;border-radius:0px\"><div class=\"alcb__logo-image  alcb__zoom_in\"><img decoding=\"async\" src=\"https:\/\/mysummitacademy.com\/wp-content\/uploads\/2022\/09\/PORTADAS-01-3.png\" alt=\"\" id=\"1617\"\/><\/div><\/div><div class=\"swiper-slide alcb__logo-item\" style=\"border: 0 solid #333333;border-radius:0px\"><div class=\"alcb__logo-image  alcb__zoom_in\"><img decoding=\"async\" src=\"https:\/\/mysummitacademy.com\/wp-content\/uploads\/2022\/09\/PORTADAS-02-3.png\" alt=\"\" id=\"1618\"\/><\/div><\/div><div class=\"swiper-slide alcb__logo-item\" style=\"border: 0 solid #333333;border-radius:0px\"><div class=\"alcb__logo-image  alcb__zoom_in\"><img decoding=\"async\" src=\"https:\/\/mysummitacademy.com\/wp-content\/uploads\/2022\/09\/PORTADAS-03-3.png\" alt=\"\" id=\"1619\"\/><\/div><\/div><div class=\"swiper-slide alcb__logo-item\" style=\"border: 0 solid #333333;border-radius:0px\"><div class=\"alcb__logo-image  alcb__zoom_in\"><img decoding=\"async\" src=\"https:\/\/mysummitacademy.com\/wp-content\/uploads\/2022\/09\/PORTADAS-04-3.png\" alt=\"\" id=\"1620\"\/><\/div><\/div><div class=\"swiper-slide alcb__logo-item\" style=\"border: 0 solid #333333;border-radius:0px\"><div class=\"alcb__logo-image  alcb__zoom_in\"><img decoding=\"async\" src=\"https:\/\/mysummitacademy.com\/wp-content\/uploads\/2022\/09\/PORTADAS-05-3.png\" alt=\"\" id=\"1621\"\/><\/div><\/div><div class=\"swiper-slide alcb__logo-item\" style=\"border: 0 solid #333333;border-radius:0px\"><div class=\"alcb__logo-image  alcb__zoom_in\"><img decoding=\"async\" src=\"https:\/\/mysummitacademy.com\/wp-content\/uploads\/2022\/09\/PORTADAS-06-3.png\" alt=\"\" id=\"1622\"\/><\/div><\/div><div class=\"swiper-slide alcb__logo-item\" style=\"border: 0 solid #333333;border-radius:0px\"><div class=\"alcb__logo-image  alcb__zoom_in\"><img decoding=\"async\" src=\"https:\/\/mysummitacademy.com\/wp-content\/uploads\/2022\/09\/PORTADAS-07-3.png\" alt=\"\" id=\"1623\"\/><\/div><\/div><div class=\"swiper-slide alcb__logo-item\" style=\"border: 0 solid #333333;border-radius:0px\"><div class=\"alcb__logo-image  alcb__zoom_in\"><img decoding=\"async\" src=\"https:\/\/mysummitacademy.com\/wp-content\/uploads\/2022\/09\/PORTADAS-08-3.png\" alt=\"\" id=\"1624\"\/><\/div><\/div><\/div><\/div><\/div>\n\n\n\n<div class=\"wp-block-uagb-container uagb-block-7ae4b6e0 alignfull uagb-is-root-container\"><div class=\"uagb-container-inner-blocks-wrap\">\n<div class=\"wp-block-uagb-info-box uagb-block-7f0a45c5 uagb-infobox__content-wrap  uagb-infobox-icon-above-title uagb-infobox-image-valign-top\"><div class=\"uagb-ifb-content\"><div class=\"uagb-ifb-title-wrap\"><div class=\"uagb-ifb-separator\"><\/div><h2 class=\"uagb-ifb-title\">Nuestros clientes dicen&#8230;<\/h2><\/div><\/div><\/div>\n\n\n\n<div class=\"wp-block-uagb-testimonial uagb-slick-carousel uagb-tm__arrow-outside uagb-block-964fff68 uagb-post__carousel_notset\"><div class=\"is-carousel uagb-tm__columns-3 uagb-tm__items\"><div class=\"uagb-testimonial__wrap  uagb-tm__imgicon-style-circle uagb-tm__image-position-top uagb-tm__bg-type-color \"><div class=\"uagb-tm__content\"><div class=\"uagb-tm__overlay\"><\/div><div class=\"uagb-tm__text-wrap\"><div class=\"uagb-tm__desc\">Excelente programa de capacitaci\u00f3n, muy din\u00e1mico, muy f\u00e1cil de entender. Lo recomiendo 100%&#8230; La atenci\u00f3n en lo personal, me gusta, muy atentos.<\/div><div class=\"uagb-tm__meta-inner\"><div class=\"uagb-testimonial-details\"><span class=\"uagb-tm__author-name\">Jose Pinero <\/span><span class=\"uagb-tm__company\"><\/span><\/div><\/div><\/div><\/div><\/div><div class=\"uagb-testimonial__wrap  uagb-tm__imgicon-style-circle uagb-tm__image-position-top uagb-tm__bg-type-color \"><div class=\"uagb-tm__content\"><div class=\"uagb-tm__overlay\"><\/div><div class=\"uagb-tm__text-wrap\"><div class=\"uagb-tm__desc\">Excelentes programas, desarrollan competencias para el tema laboral muy completas y de buena calidad. Recomendado 100%.<\/div><div class=\"uagb-tm__meta-inner\"><div class=\"uagb-testimonial-details\"><span class=\"uagb-tm__author-name\">Vanesa Mosquera<\/span><span class=\"uagb-tm__company\"><\/span><\/div><\/div><\/div><\/div><\/div><div class=\"uagb-testimonial__wrap  uagb-tm__imgicon-style-circle uagb-tm__image-position-top uagb-tm__bg-type-color \"><div class=\"uagb-tm__content\"><div class=\"uagb-tm__overlay\"><\/div><div class=\"uagb-tm__text-wrap\"><div class=\"uagb-tm__desc\">Excelente servicio. Los programas son muy interactivos, se aprende f\u00e1cilmente<br><br><\/div><div class=\"uagb-tm__meta-inner\"><div class=\"uagb-testimonial-details\"><span class=\"uagb-tm__author-name\">Emily Velez<\/span><span class=\"uagb-tm__company\"><\/span><\/div><\/div><\/div><\/div><\/div><\/div><\/div>\n<\/div><\/div>\n\n\n\n<div class=\"wp-block-uagb-container uagb-block-61a75899 alignfull uagb-is-root-container\"><div class=\"uagb-container-inner-blocks-wrap\">\n<div class=\"wp-block-uagb-info-box uagb-block-9dc62797 uagb-infobox__content-wrap  uagb-infobox-icon-above-title uagb-infobox-image-valign-top\"><div class=\"uagb-ifb-content\"><div class=\"uagb-ifb-title-wrap\"><h2 class=\"uagb-ifb-title\">&#8220;Nunca consideres el estudio como una obligaci\u00f3n sino como una oportunidad para penetrar en el bello y maravilloso mundo del saber&#8221;<\/h2><\/div><p class=\"uagb-ifb-desc\">Albert Einstein<\/p><div class=\"uagb-ifb-button-wrapper wp-block-button\"><a href=\"#\" class=\"uagb-infobox-cta-link wp-block-button__link\" target=\"_self\" rel=\"noopener noreferrer\" alt=\"\"><span class=\"uagb-inline-editing\">Agenda una capacitacion<\/span><\/a><\/div><\/div><\/div>\n<\/div><\/div>\n\n\n\n<figure class=\"wp-block-image alignleft size-full\"><img decoding=\"async\" loading=\"lazy\" width=\"300\" height=\"300\" src=\"https:\/\/mysummitacademy.com\/wp-content\/uploads\/2023\/11\/piezas-web-.png\" alt=\"\" class=\"wp-image-1713\" srcset=\"https:\/\/mysummitacademy.com\/wp-content\/uploads\/2023\/11\/piezas-web-.png 300w, https:\/\/mysummitacademy.com\/wp-content\/uploads\/2023\/11\/piezas-web--150x150.png 150w\" sizes=\"(max-width: 300px) 100vw, 300px\" \/><\/figure>\n\n\n\n<figure class=\"wp-block-image alignright size-full\"><img decoding=\"async\" loading=\"lazy\" width=\"300\" height=\"300\" src=\"https:\/\/mysummitacademy.com\/wp-content\/uploads\/2023\/11\/piezas-web-1.png\" alt=\"\" class=\"wp-image-1714\" srcset=\"https:\/\/mysummitacademy.com\/wp-content\/uploads\/2023\/11\/piezas-web-1.png 300w, https:\/\/mysummitacademy.com\/wp-content\/uploads\/2023\/11\/piezas-web-1-150x150.png 150w\" sizes=\"(max-width: 300px) 100vw, 300px\" \/><\/figure>\n\n\n\n<p><\/p>\n\n\n\n<p><\/p>\n\n\n\n<p><\/p>\n\n\n\n<p class=\"has-text-align-center\"><strong>\u00a1Contamos con un excelente proveedor a nivel nacional!<\/strong><\/p>\n\n\n\n<p class=\"has-text-align-center\"><mark style=\"background-color:rgba(0, 0, 0, 0)\" class=\"has-inline-color has-ast-global-color-2-color\"> Learning System INC SAS ha sido nuestra pieza fundamental en el desarrollo de todos nuestros cursos y seminarios para los clientes y p\u00fablico general, que han adquirido sus capacitaciones los \u00faltimos meses del a\u00f1o en curso. <\/mark><\/p>\n","protected":false},"excerpt":{"rendered":"<p>\u00a1Contamos con un excelente proveedor a nivel nacional! Learning System INC SAS ha sido nuestra pieza fundamental en el desarrollo de todos nuestros cursos y seminarios para los clientes y p\u00fablico general, que han adquirido sus capacitaciones los \u00faltimos meses del a\u00f1o en curso.<\/p>\n","protected":false},"author":1,"featured_media":0,"parent":0,"menu_order":0,"comment_status":"closed","ping_status":"closed","template":"","meta":{"om_disable_all_campaigns":false,"_monsterinsights_skip_tracking":false,"_monsterinsights_sitenote_active":false,"_monsterinsights_sitenote_note":"","_monsterinsights_sitenote_category":0,"site-sidebar-layout":"no-sidebar","site-content-layout":"plain-container","ast-global-header-display":"","ast-main-header-display":"","ast-hfb-above-header-display":"","ast-hfb-below-header-display":"","ast-hfb-mobile-header-display":"","site-post-title":"disabled","ast-breadcrumbs-content":"","ast-featured-img":"disabled","footer-sml-layout":"","theme-transparent-header-meta":"enabled","adv-header-id-meta":"","stick-header-meta":"","header-above-stick-meta":"","header-main-stick-meta":"","header-below-stick-meta":"","_joinchat":[]},"aioseo_notices":[],"uagb_featured_image_src":{"full":false,"thumbnail":false,"medium":false,"medium_large":false,"large":false,"1536x1536":false,"2048x2048":false},"uagb_author_info":{"display_name":"mysummitacademy","author_link":"https:\/\/mysummitacademy.com\/index.php\/author\/mysummitacademy\/"},"uagb_comment_info":0,"uagb_excerpt":"\u00a1Contamos con un excelente proveedor a nivel nacional! Learning System INC SAS ha sido nuestra pieza fundamental en el desarrollo de todos nuestros cursos y seminarios para los clientes y p\u00fablico general, que han adquirido sus capacitaciones los \u00faltimos meses del a\u00f1o en curso.","_links":{"self":[{"href":"https:\/\/mysummitacademy.com\/index.php\/wp-json\/wp\/v2\/pages\/833"}],"collection":[{"href":"https:\/\/mysummitacademy.com\/index.php\/wp-json\/wp\/v2\/pages"}],"about":[{"href":"https:\/\/mysummitacademy.com\/index.php\/wp-json\/wp\/v2\/types\/page"}],"author":[{"embeddable":true,"href":"https:\/\/mysummitacademy.com\/index.php\/wp-json\/wp\/v2\/users\/1"}],"replies":[{"embeddable":true,"href":"https:\/\/mysummitacademy.com\/index.php\/wp-json\/wp\/v2\/comments?post=833"}],"version-history":[{"count":40,"href":"https:\/\/mysummitacademy.com\/index.php\/wp-json\/wp\/v2\/pages\/833\/revisions"}],"predecessor-version":[{"id":1721,"href":"https:\/\/mysummitacademy.com\/index.php\/wp-json\/wp\/v2\/pages\/833\/revisions\/1721"}],"wp:attachment":[{"href":"https:\/\/mysummitacademy.com\/index.php\/wp-json\/wp\/v2\/media?parent=833"}],"curies":[{"name":"wp","href":"https:\/\/api.w.org\/{rel}","templated":true}]}}