{"id":834,"date":"2021-08-18T06:41:23","date_gmt":"2021-08-18T06:41:23","guid":{"rendered":"https:\/\/mysummitacademy.com\/index.php\/about-us\/"},"modified":"2022-10-31T14:06:51","modified_gmt":"2022-10-31T14:06:51","slug":"acerca-de-nosotros","status":"publish","type":"page","link":"https:\/\/mysummitacademy.com\/index.php\/acerca-de-nosotros\/","title":{"rendered":"Acerca de nosotros"},"content":{"rendered":"\n<div class=\"wp-block-uagb-container uagb-block-3201791d alignfull uagb-is-root-container\"><div class=\"uagb-container-inner-blocks-wrap\">\n<div class=\"wp-block-uagb-info-box uagb-block-90974194 uagb-infobox__content-wrap  uagb-infobox-icon-above-title uagb-infobox-image-valign-top\"><div class=\"uagb-ifb-content\"><div class=\"uagb-ifb-title-wrap\"><div class=\"uagb-ifb-separator\"><\/div><h1 class=\"uagb-ifb-title\">Conoce m\u00e1s de nosotros<\/h1><\/div><\/div><\/div>\n<\/div><\/div>\n\n\n\n<div class=\"wp-block-uagb-container uagb-block-c5f11049 alignfull uagb-is-root-container\"><div class=\"uagb-container-inner-blocks-wrap\">\n<div class=\"wp-block-uagb-container uagb-block-f3054ae0\">\n<div class=\"wp-block-uagb-info-box uagb-block-909b53c9 uagb-infobox__content-wrap  uagb-infobox-icon-above-title uagb-infobox-image-valign-top\"><div class=\"uagb-ifb-content\"><div class=\"uagb-ifb-title-wrap\"><div class=\"uagb-ifb-separator\"><\/div><h2 class=\"uagb-ifb-title\">Acerca de nosotros<\/h2><\/div><p class=\"uagb-ifb-desc\">Somos una organizaci\u00f3n especializada en asesor\u00eda y consultor\u00eda corporativa capacitamos empresas e instituciones en temas de formaci\u00f3n y desarrollo de las competencias del talento humano. Basados en la mega tendencia educativa a nivel mundial y con la gran necesidad de fortalecer habilidades tecnol\u00f3gicas en la humanidad, hemos desarrollado e implementado en Colombia, Ecuador y M\u00e9xico un exitoso proyecto para fortalecer las competencias tecnol\u00f3gicas de los ciudadanos el cual consiste en una primera capacitaci\u00f3n presencial en las empresas e instituciones del sector p\u00fablico y privado, a trav\u00e9s de pautas y funciones practicas los asistentes conocer\u00e1n t\u00e9cnicas y m\u00e9todos especializados que se convierten en herramientas claves que les permitir\u00e1 obtener un mejor provecho a los usuarios de las aplicaciones de Microsoft Office para ayudar estrat\u00e9gica-mente al aumento de la productividad y el rendimiento de los empleados y las organizaciones. Cabe mencionar solo a manera de informaci\u00f3n que es tal la relevancia de estos temas que est\u00e1n incluidos en proyectos de gobierno como Vive Digital del MinTIC (Ministerio De Tecnolog\u00edas De Informaci\u00f3n Y Comunicaci\u00f3n) entre otros. Nuestro proyecto se complementa con la presentaci\u00f3n y divulgaci\u00f3n de una metodolog\u00eda de aprendizaje y entrenamiento tecnol\u00f3gico en ofim\u00e1tica, 100% virtual e interactivo, de f\u00e1cil acceso que permite a los usuarios capacitarse de manera f\u00e1cil y pr\u00e1ctica para mejorar sus competencias tecnol\u00f3gicas..<\/p><\/div><\/div>\n<\/div>\n\n\n\n<div class=\"wp-block-uagb-container uagb-block-db94dbcf\">\n<div class=\"wp-block-uagb-image uagb-block-dac26f4c wp-block-uagb-image--layout-default wp-block-uagb-image--effect-static wp-block-uagb-image--align-right\"><figure class=\"wp-block-uagb-image__figure\"><img decoding=\"async\" loading=\"lazy\" srcset=\"https:\/\/mysummitacademy.com\/wp-content\/uploads\/2022\/09\/pexels-cottonbro-7437495-scaled-e1664221056847-1024x683.jpg , https:\/\/mysummitacademy.com\/wp-content\/uploads\/2021\/04\/law-about.jpg 360w\" src=\"https:\/\/mysummitacademy.com\/wp-content\/uploads\/2022\/09\/pexels-cottonbro-7437495-scaled-e1664221056847-1024x683.jpg\" alt=\"\" class=\"uag-image-1545\" width=\"1024\" height=\"683\" title=\"\"\/><\/figure><\/div>\n<\/div>\n<\/div><\/div>\n\n\n\n<div class=\"wp-block-lcb-logo-carousel alcb__active_pagination\"><div dir=\"ltr\" class=\"alcb__carousel_container swiper\" data-desktop=\"4\" data-tablet=\"2\" data-mobile=\"1\" data-autoplay=\"true\" data-autoplaydelay=\"2000\" data-autoplaydirection=\"false\" data-speed=\"400\" data-loop=\"true\" data-pauseonhover=\"true\" data-keyboard=\"false\" data-mousewheel=\"false\" data-autoheight=\"false\" data-deskspace=\"30\" data-tabspace=\"20\" data-phonespace=\"10\" data-id=\"alcb__a22fbd55\" data-pagination=\"true\" data-navigation=\"true\" id=\"alcb__a22fbd55\"><div class=\"swiper-wrapper\"><div class=\"swiper-slide alcb__logo-item\" style=\"border: 0 solid #333333;border-radius:20px\"><div class=\"alcb__logo-image  alcb__zoom_in\"><img decoding=\"async\" src=\"https:\/\/mysummitacademy.com\/wp-content\/uploads\/2022\/09\/PORTADAS-01-2.png\" alt=\"\" id=\"1593\"\/><\/div><\/div><div class=\"swiper-slide alcb__logo-item\" style=\"border: 0 solid #333333;border-radius:20px\"><div class=\"alcb__logo-image  alcb__zoom_in\"><img decoding=\"async\" src=\"https:\/\/mysummitacademy.com\/wp-content\/uploads\/2022\/09\/PORTADAS-02-2.png\" alt=\"\" id=\"1595\"\/><\/div><\/div><div class=\"swiper-slide alcb__logo-item\" style=\"border: 0 solid #333333;border-radius:20px\"><div class=\"alcb__logo-image  alcb__zoom_in\"><img decoding=\"async\" src=\"https:\/\/mysummitacademy.com\/wp-content\/uploads\/2022\/09\/PORTADAS-03-2.png\" alt=\"\" id=\"1596\"\/><\/div><\/div><div class=\"swiper-slide alcb__logo-item\" style=\"border: 0 solid #333333;border-radius:20px\"><div class=\"alcb__logo-image  alcb__zoom_in\"><img decoding=\"async\" src=\"https:\/\/mysummitacademy.com\/wp-content\/uploads\/2022\/09\/PORTADAS-04-2.png\" alt=\"\" id=\"1598\"\/><\/div><\/div><div class=\"swiper-slide alcb__logo-item\" style=\"border: 0 solid #333333;border-radius:20px\"><div class=\"alcb__logo-image  alcb__zoom_in\"><img decoding=\"async\" src=\"https:\/\/mysummitacademy.com\/wp-content\/uploads\/2022\/09\/PORTADAS-05-2.png\" alt=\"\" id=\"1601\"\/><\/div><\/div><div class=\"swiper-slide alcb__logo-item\" style=\"border: 0 solid #333333;border-radius:20px\"><div class=\"alcb__logo-image  alcb__zoom_in\"><img decoding=\"async\" src=\"https:\/\/mysummitacademy.com\/wp-content\/uploads\/2022\/09\/PORTADAS-06-2.png\" alt=\"\" id=\"1603\"\/><\/div><\/div><div class=\"swiper-slide alcb__logo-item\" style=\"border: 0 solid #333333;border-radius:20px\"><div class=\"alcb__logo-image  alcb__zoom_in\"><img decoding=\"async\" src=\"https:\/\/mysummitacademy.com\/wp-content\/uploads\/2022\/09\/PORTADAS-07-2.png\" alt=\"\" id=\"1604\"\/><\/div><\/div><div class=\"swiper-slide alcb__logo-item\" style=\"border: 0 solid #333333;border-radius:20px\"><div class=\"alcb__logo-image  alcb__zoom_in\"><img decoding=\"async\" src=\"https:\/\/mysummitacademy.com\/wp-content\/uploads\/2022\/09\/PORTADAS-08-2.png\" alt=\"\" id=\"1606\"\/><\/div><\/div><div class=\"swiper-slide alcb__logo-item\" style=\"border: 0 solid #333333;border-radius:20px\"><div class=\"alcb__logo-image  alcb__zoom_in\"><img decoding=\"async\" src=\"https:\/\/mysummitacademy.com\/wp-content\/uploads\/2022\/09\/PORTADAS-09-2.png\" alt=\"\" id=\"1608\"\/><\/div><\/div><div class=\"swiper-slide alcb__logo-item\" style=\"border: 0 solid #333333;border-radius:20px\"><div class=\"alcb__logo-image  alcb__zoom_in\"><img decoding=\"async\" src=\"https:\/\/mysummitacademy.com\/wp-content\/uploads\/2022\/09\/PORTADAS-10-2.png\" alt=\"\" id=\"1610\"\/><\/div><\/div><div class=\"swiper-slide alcb__logo-item\" style=\"border: 0 solid #333333;border-radius:20px\"><div class=\"alcb__logo-image  alcb__zoom_in\"><img decoding=\"async\" src=\"https:\/\/mysummitacademy.com\/wp-content\/uploads\/2022\/09\/PORTADAS-11-2.png\" alt=\"\" id=\"1612\"\/><\/div><\/div><div class=\"swiper-slide alcb__logo-item\" style=\"border: 0 solid #333333;border-radius:20px\"><div class=\"alcb__logo-image  alcb__zoom_in\"><img decoding=\"async\" src=\"https:\/\/mysummitacademy.com\/wp-content\/uploads\/2022\/09\/PORTADAS-12-2.png\" alt=\"\" id=\"1614\"\/><\/div><\/div><\/div><\/div><div class=\"alcb__pag swiper-pagination\"><\/div><div class=\"navigation\"><div class=\"alcb__prev swiper-button-prev\"><\/div><div class=\"alcb__next swiper-button-next\"><\/div><\/div><\/div>\n\n\n\n<div class=\"wp-block-uagb-container uagb-block-f9cd1a08 alignfull uagb-is-root-container\"><div class=\"uagb-container-inner-blocks-wrap\">\n<div class=\"wp-block-uagb-info-box uagb-block-94997b29 uagb-infobox__content-wrap  uagb-infobox-icon-above-title uagb-infobox-image-valign-top\"><div class=\"uagb-ifb-content\"><div class=\"uagb-ifb-title-wrap\"><h2 class=\"uagb-ifb-title\">\u201cNunca consideres el estudio como una obligaci\u00f3n sino como una oportunidad para penetrar en el bello y maravilloso mundo del saber\u201d<\/h2><\/div><p class=\"uagb-ifb-desc\">Albert Einstein<\/p><div class=\"uagb-ifb-button-wrapper wp-block-button\"><a href=\"#\" class=\"uagb-infobox-cta-link wp-block-button__link\" target=\"_self\" rel=\"noopener noreferrer\" alt=\"\"><span class=\"uagb-inline-editing\">Get Appointment<\/span><\/a><\/div><\/div><\/div>\n<\/div><\/div>\n\n\n\n<p><\/p>\n","protected":false},"excerpt":{"rendered":"","protected":false},"author":1,"featured_media":0,"parent":0,"menu_order":0,"comment_status":"closed","ping_status":"closed","template":"","meta":{"om_disable_all_campaigns":false,"_monsterinsights_skip_tracking":false,"_monsterinsights_sitenote_active":false,"_monsterinsights_sitenote_note":"","_monsterinsights_sitenote_category":0,"site-sidebar-layout":"no-sidebar","site-content-layout":"plain-container","ast-global-header-display":"","ast-main-header-display":"","ast-hfb-above-header-display":"","ast-hfb-below-header-display":"","ast-hfb-mobile-header-display":"","site-post-title":"disabled","ast-breadcrumbs-content":"","ast-featured-img":"disabled","footer-sml-layout":"","theme-transparent-header-meta":"enabled","adv-header-id-meta":"","stick-header-meta":"","header-above-stick-meta":"","header-main-stick-meta":"","header-below-stick-meta":"","_joinchat":[]},"aioseo_notices":[],"uagb_featured_image_src":{"full":false,"thumbnail":false,"medium":false,"medium_large":false,"large":false,"1536x1536":false,"2048x2048":false},"uagb_author_info":{"display_name":"mysummitacademy","author_link":"https:\/\/mysummitacademy.com\/index.php\/author\/mysummitacademy\/"},"uagb_comment_info":0,"uagb_excerpt":null,"_links":{"self":[{"href":"https:\/\/mysummitacademy.com\/index.php\/wp-json\/wp\/v2\/pages\/834"}],"collection":[{"href":"https:\/\/mysummitacademy.com\/index.php\/wp-json\/wp\/v2\/pages"}],"about":[{"href":"https:\/\/mysummitacademy.com\/index.php\/wp-json\/wp\/v2\/types\/page"}],"author":[{"embeddable":true,"href":"https:\/\/mysummitacademy.com\/index.php\/wp-json\/wp\/v2\/users\/1"}],"replies":[{"embeddable":true,"href":"https:\/\/mysummitacademy.com\/index.php\/wp-json\/wp\/v2\/comments?post=834"}],"version-history":[{"count":11,"href":"https:\/\/mysummitacademy.com\/index.php\/wp-json\/wp\/v2\/pages\/834\/revisions"}],"predecessor-version":[{"id":1616,"href":"https:\/\/mysummitacademy.com\/index.php\/wp-json\/wp\/v2\/pages\/834\/revisions\/1616"}],"wp:attachment":[{"href":"https:\/\/mysummitacademy.com\/index.php\/wp-json\/wp\/v2\/media?parent=834"}],"curies":[{"name":"wp","href":"https:\/\/api.w.org\/{rel}","templated":true}]}}